{"id":559,"date":"2023-02-03T16:19:16","date_gmt":"2023-02-03T10:34:16","guid":{"rendered":"https:\/\/bizbergthemes.com\/green-wealth\/?page_id=559"},"modified":"2024-01-08T14:48:47","modified_gmt":"2024-01-08T14:48:47","slug":"about-us","status":"publish","type":"page","link":"https:\/\/cfmdeveloppement.org\/index.php\/about-us\/","title":{"rendered":"\u00c0 Propos"},"content":{"rendered":"\t\t<div data-elementor-type=\"wp-page\" data-elementor-id=\"559\" class=\"elementor elementor-559\">\n\t\t\t\t\t\t\t<div class=\"elementor-element elementor-element-535a7329 e-flex e-con-boxed e-con e-parent\" data-id=\"535a7329\" data-element_type=\"container\" data-settings=\"{&quot;content_width&quot;:&quot;boxed&quot;}\" data-core-v316-plus=\"true\">\n\t\t\t\t\t<div class=\"e-con-inner\">\n\t\t\t\t<div class=\"elementor-element elementor-element-291e603 elementor-widget elementor-widget-text-editor\" data-id=\"291e603\" data-element_type=\"widget\" data-widget_type=\"text-editor.default\">\n\t\t\t\t<div class=\"elementor-widget-container\">\n\t\t\t<style>\/*! elementor - v3.18.0 - 20-12-2023 *\/\n.elementor-widget-text-editor.elementor-drop-cap-view-stacked .elementor-drop-cap{background-color:#69727d;color:#fff}.elementor-widget-text-editor.elementor-drop-cap-view-framed .elementor-drop-cap{color:#69727d;border:3px solid;background-color:transparent}.elementor-widget-text-editor:not(.elementor-drop-cap-view-default) .elementor-drop-cap{margin-top:8px}.elementor-widget-text-editor:not(.elementor-drop-cap-view-default) .elementor-drop-cap-letter{width:1em;height:1em}.elementor-widget-text-editor .elementor-drop-cap{float:left;text-align:center;line-height:1;font-size:50px}.elementor-widget-text-editor .elementor-drop-cap-letter{display:inline-block}<\/style>\t\t\t\t<p style=\"font-weight: 400;\">Depuis pr\u00e8s de 20 ans, CFM offre ses services dans le milieu ha\u00eftien et \u00e0 l\u2019international.\u00a0 L\u2019organisation a une approche int\u00e9gr\u00e9e et a une vision intersectorielle du d\u00e9veloppement et travaille dans des domaines qui sont li\u00e9s au D\u00e9veloppement Durable<\/p><ul><li>Sant\u00e9, WASH et Nutrition (Health, WASH and Nutrition)<\/li><li>Gestion Risques et d\u00e9sastres, r\u00e9silience, Am\u00e9nagement du territoire et environnement (Risk and Disaster Management, Land Use Policy and Environment)<\/li><li>D\u00e9veloppement entrepreneuriat, Formation, suivi et \u00e9valuation de la performance (Business Development, Training, Performance Monitoring and Performance Evaluation),<\/li><li>Fili\u00e8res, entreprenariat et d\u00e9veloppement local (Value Chain, Entrepreneurship and Local Development)<\/li><li>S\u00e9curit\u00e9 Alimentaire et Nutritionnelle (Food and Nutrition Security)<\/li><li>Education, STEAM, Intelligences multiples et D\u00e9veloppement socio-\u00e9conomique (Education, STEAM, multiple Intelligences, Socio-Economic Development).<\/li><li>Politiques et finances publiques, coop\u00e9ration internationale (Public Policies and Finances, International Cooperation)<\/li><li>Politiques urbaines (Urban Policies)<\/li><\/ul>\t\t\t\t\t\t<\/div>\n\t\t\t\t<\/div>\n\t\t\t\t<div class=\"elementor-element elementor-element-a69cf3c elementor-widget elementor-widget-heading\" data-id=\"a69cf3c\" data-element_type=\"widget\" data-widget_type=\"heading.default\">\n\t\t\t\t<div class=\"elementor-widget-container\">\n\t\t\t<style>\/*! elementor - v3.18.0 - 20-12-2023 *\/\n.elementor-heading-title{padding:0;margin:0;line-height:1}.elementor-widget-heading .elementor-heading-title[class*=elementor-size-]>a{color:inherit;font-size:inherit;line-height:inherit}.elementor-widget-heading .elementor-heading-title.elementor-size-small{font-size:15px}.elementor-widget-heading .elementor-heading-title.elementor-size-medium{font-size:19px}.elementor-widget-heading .elementor-heading-title.elementor-size-large{font-size:29px}.elementor-widget-heading .elementor-heading-title.elementor-size-xl{font-size:39px}.elementor-widget-heading .elementor-heading-title.elementor-size-xxl{font-size:59px}<\/style><h3 class=\"elementor-heading-title elementor-size-default\">CFM: Buts, missions<\/h3>\t\t<\/div>\n\t\t\t\t<\/div>\n\t\t\t\t<div class=\"elementor-element elementor-element-e4fb87d elementor-widget elementor-widget-text-editor\" data-id=\"e4fb87d\" data-element_type=\"widget\" data-widget_type=\"text-editor.default\">\n\t\t\t\t<div class=\"elementor-widget-container\">\n\t\t\t\t\t\t\t<p style=\"font-weight: 400;\">L&#8217;organisation s&#8217;adonne \u00e0 des actions d&#8217;utilit\u00e9 publique. Son but est d\u2019Am\u00e9liorer les conditions de vie de la population tant dans les zones recul\u00e9es que dans les milieux urbains en renfor\u00e7ant les capacit\u00e9s locales. Elle poursuit la mission qui consiste \u00e0 agir pour le d\u00e9veloppement des communaut\u00e9s en venant en appui aux diff\u00e9rents groupes cibles vuln\u00e9rables dont les jeunes, les femmes, les enfants, les personnes priv\u00e9es des droits \u00e9l\u00e9mentaires (\u00e9ducation, sant\u00e9, alimentation, acc\u00e8s \u00e0 un logement digne) ou souffrant de pathologies infectieuses, chroniques, transmissibles et d\u00e9bilitantes.<\/p><p style=\"font-weight: 400;\"><strong>Strat\u00e9gies.<\/strong>\u00a0 Soutenir les associations et les groupes locaux qui encadrent les groupes vuln\u00e9rables. Coop\u00e9rer avec d\u2019autres organisations d\u2019aide dans le pays et \u00e0 l\u2019ext\u00e9rieur pour l\u2019accomplissement des buts de l\u2019association. Mettre en \u0153uvre des actions de d\u00e9veloppement qui cr\u00e9ent des effets induits\/externalit\u00e9s positives permettant la cr\u00e9ation de revenus et de services \u00e0 des personnes en situation de privation.<\/p>\t\t\t\t\t\t<\/div>\n\t\t\t\t<\/div>\n\t\t\t\t<div class=\"elementor-element elementor-element-da32170 elementor-widget elementor-widget-heading\" data-id=\"da32170\" data-element_type=\"widget\" data-widget_type=\"heading.default\">\n\t\t\t\t<div class=\"elementor-widget-container\">\n\t\t\t<h3 class=\"elementor-heading-title elementor-size-default\">Nature de l'institution et moyens d'action de CFM<\/h3>\t\t<\/div>\n\t\t\t\t<\/div>\n\t\t\t\t<div class=\"elementor-element elementor-element-068c64f elementor-widget elementor-widget-text-editor\" data-id=\"068c64f\" data-element_type=\"widget\" data-widget_type=\"text-editor.default\">\n\t\t\t\t<div class=\"elementor-widget-container\">\n\t\t\t\t\t\t\t<p style=\"font-weight: 400;\">L\u2019association se donne comme activit\u00e9s\u00a0: l\u2019identification, la conception, la planification, la mise en \u0153uvre, le suivi et l\u2019\u00e9valuation des projets et programmes dans les lieux d\u2019intervention\u00a0; le partenariat est ouvert avec des institutions internationales, des organisations locales, les administrations publiques ; la formation des acteurs et des prestataires directs de services. Les ressources financi\u00e8res de l\u2019association sont utilis\u00e9es uniquement pour la r\u00e9alisation des activit\u00e9s inscrites dans ses statuts.<\/p>\t\t\t\t\t\t<\/div>\n\t\t\t\t<\/div>\n\t\t\t\t\t<\/div>\n\t\t\t\t<\/div>\n\t\t\t\t\t\t\t<\/div>\n\t\t","protected":false},"excerpt":{"rendered":"<p>Depuis pr\u00e8s de 20 ans, CFM offre ses services dans le milieu ha\u00eftien et \u00e0 l\u2019international.\u00a0 L\u2019organisation a une approche int\u00e9gr\u00e9e et a une vision intersectorielle du d\u00e9veloppement et travaille dans des domaines qui sont li\u00e9s au D\u00e9veloppement Durable Sant\u00e9, WASH et Nutrition (Health, WASH and Nutrition) Gestion Risques et d\u00e9sastres, r\u00e9silience, Am\u00e9nagement du territoire et environnement (Risk and Disaster&#8230;<\/p>\n","protected":false},"author":1,"featured_media":654,"parent":0,"menu_order":0,"comment_status":"closed","ping_status":"closed","template":"","meta":{"_eb_attr":"","footnotes":""},"_links":{"self":[{"href":"https:\/\/cfmdeveloppement.org\/index.php\/wp-json\/wp\/v2\/pages\/559"}],"collection":[{"href":"https:\/\/cfmdeveloppement.org\/index.php\/wp-json\/wp\/v2\/pages"}],"about":[{"href":"https:\/\/cfmdeveloppement.org\/index.php\/wp-json\/wp\/v2\/types\/page"}],"author":[{"embeddable":true,"href":"https:\/\/cfmdeveloppement.org\/index.php\/wp-json\/wp\/v2\/users\/1"}],"replies":[{"embeddable":true,"href":"https:\/\/cfmdeveloppement.org\/index.php\/wp-json\/wp\/v2\/comments?post=559"}],"version-history":[{"count":7,"href":"https:\/\/cfmdeveloppement.org\/index.php\/wp-json\/wp\/v2\/pages\/559\/revisions"}],"predecessor-version":[{"id":658,"href":"https:\/\/cfmdeveloppement.org\/index.php\/wp-json\/wp\/v2\/pages\/559\/revisions\/658"}],"wp:featuredmedia":[{"embeddable":true,"href":"https:\/\/cfmdeveloppement.org\/index.php\/wp-json\/wp\/v2\/media\/654"}],"wp:attachment":[{"href":"https:\/\/cfmdeveloppement.org\/index.php\/wp-json\/wp\/v2\/media?parent=559"}],"curies":[{"name":"wp","href":"https:\/\/api.w.org\/{rel}","templated":true}]}}