{"id":561,"date":"2023-02-03T16:19:43","date_gmt":"2023-02-03T10:34:43","guid":{"rendered":"https:\/\/bizbergthemes.com\/green-wealth\/?page_id=561"},"modified":"2024-01-08T13:56:47","modified_gmt":"2024-01-08T13:56:47","slug":"services","status":"publish","type":"page","link":"https:\/\/cfmdeveloppement.org\/index.php\/services\/","title":{"rendered":"Projets"},"content":{"rendered":"<p><span style=\"color: #000000;\"><strong><em><u>2021-2024, Champs Ecoles Paysans. Sud. PITAG\/BID. En partenariat<\/u><\/em><\/strong><\/span><\/p>\n<p><span style=\"color: #000000;\"><strong><em><u>2020-2024, Petite M\u00e9ncanisation Agricole, PITAG\/BID, en partenariat<\/u><\/em><\/strong><\/span><\/p>\n<p><span style=\"color: #000000;\"><strong><em><u>2017-2021<\/u><\/em><\/strong><strong>.<\/strong> Strengthening Resilience of the vulnerable rural communities in the Northwest Department to Achieve Food and Nutrition Security. BMZ\/WHH.<\/span><\/p>\n<p><span style=\"color: #000000;\"><strong><em><u>Janvier-F\u00e9vrier 2016<\/u><\/em><\/strong><strong><u>. <\/u><\/strong>Evaluation Mi-parcours du projet de d\u00e9veloppement de la fili\u00e8re c\u00e9r\u00e9ali\u00e8re dans la Vall\u00e9e des Cayes. MARNDR. Coop\u00e9ration Taiwanaise.<\/span><\/p>\n<p><span style=\"color: #000000;\"><strong><u>Juillet-septembre 2015. Evaluation du PRODEPUR. <\/u><\/strong>Projet de D\u00e9veloppement Participatif Urbain. BMPAD. Banque Mondiale. CDB.<\/span><\/p>\n<p><span style=\"color: #000000;\"><strong><em><u>2011-2015. <\/u><\/em><\/strong>Fonds Mondial\/PSI\/CDS-CFM, Projet de lutte contre la malaria,<\/span><\/p>\n<p><span style=\"color: #000000;\">Juil-sept 2014, CDES, <strong>Etude longitudinale sur les pratiques commerciales, la distribution des marges et la consommation alimentaire. <\/strong><\/span><\/p>\n<p><span style=\"color: #000000;\"><strong><em><u>07-07\/2014<\/u><\/em><\/strong> Evaluation des strat\u00e9gies de PDL\/Groundswell \u00a0en Agriculture \u00e9cologique, sant\u00e9 et m\u00e9decine traditionnelle, micro-finance et petit commerce, niveau d\u2019autonomie des organisations, commercialisation et transformation des produits agricoles.<\/span><\/p>\n<p><span style=\"color: #000000;\"><strong><u>Oct-nov 2013, <\/u><\/strong>DDAO\/MARNDR, <strong><u>Coordination de la supervision des travaux de protection des bassins versants dans le d\u00e9partement de l\u2019ouest, <\/u><\/strong><\/span><\/p>\n<p><span style=\"color: #000000;\"><strong><em><u>Juillet aout 2013.\u00a0 <\/u><\/em><\/strong><strong>VNG International. <\/strong>\u00c9valuation du programme de la reconstruction de la r\u00e9gion des Palmes. Projet Eau et gestion des d\u00e9chets des municipalit\u00e9s.<\/span><\/p>\n<p><span style=\"color: #000000;\"><strong>Mai-juin 2013, DDAO\/MARNDR<\/strong> l\u2019am\u00e9nagement du parc naturel Quisqueya de Fonds Parisien<\/span><\/p>\n<p><span style=\"color: #000000;\"><strong><em><u>Dec. 2010-avril 2011<\/u><\/em><\/strong>. Prise en charge du chol\u00e9ra dans le d\u00e9partement du Nord-ouest. UNICEF.<\/span><\/p>\n<p><span style=\"color: #000000;\"><strong><em><u>Sept 2009<\/u><\/em><\/strong>-Projet de prise en charge de la Malnutrition dans le d\u00e9partement des Nippes. UNICEF.<\/span><\/p>\n<p><span style=\"color: #000000;\"><strong><em><u>Juin 2009<\/u><\/em><\/strong><strong><em>,<\/em><\/strong> \u00c9laboration Plan de contingence 2009 pour le Gouvernement d\u2019Haiti. DPC\/PGR\/UE-BON<\/span><\/p>\n<p><span style=\"color: #000000;\"><strong><em><u>2008-2009<\/u><\/em><\/strong>, Projet de renforcement de la couverture vaccinale dans 5 d\u00e9partements\u00a0: Artibonite, Nord-est, Nippes, Nord-ouest, Ouest. UNICEF,<\/span><\/p>\n<p><span style=\"color: #000000;\"><strong>Mai-aout 2009<\/strong>, FACN, \u00c9laboration d\u2019un plan de sauvetage du caf\u00e9 Haitian Blue,<\/span><\/p>\n<p><span style=\"color: #000000;\"><strong><em><u>Juillet 2007-septembre 2009<\/u><\/em><\/strong>, Programme de r\u00e9organisation et rationalisation du syst\u00e8me de Sant\u00e9, MSPP-BID. Pr\u00eat 1009\/SF-HA.\u00a0 Offre du Paquet Minimum de services de sant\u00e9. UCS Go\u00e2vienne.<\/span><\/p>\n<p><span style=\"color: #000000;\"><strong><em><u>Avril 2009<\/u><\/em><\/strong><strong><u>,<\/u><\/strong> LMS\/MSH\/MSPP, formation de formateur destin\u00e9e aux responsables d\u00e9partementaux en VIH-SIDA et des organisations communautaires, <em>Gestion du cycle de projet et \u00e9laboration d\u2019un curriculum de formation. <\/em>Elaboration d\u2019un \u00ab\u00a0Manuel de gestion de microprojets\u00a0\u00bb. \u00ab\u00a0Guide d\u2019\u00e9laboration et de gestion de formation \u00e0 l\u2019intention des cadres de l\u2019administration publique.<\/span><\/p>\n<p><span style=\"color: #000000;\"><strong><em><u>Juillet 2007-septembre 2009<\/u><\/em><\/strong>, Programme de r\u00e9organisation et rationalisation du syst\u00e8me de Sant\u00e9, MSPP-BID. Pr\u00eat 1009\/SF-HA.\u00a0 Offre du Paquet Minimum de services de sant\u00e9. UCS Jean Rabel\/Mole St Nicolas<\/span><\/p>\n<p><span style=\"color: #000000;\"><strong><em><u>Septembre-novembre 2008<\/u><\/em><\/strong><em><u>. <\/u><\/em>Recherche sur le th\u00e8me\u00a0: S\u00e9curit\u00e9 alimentaire et vie ch\u00e8re en Ha\u00efti.\u00a0 Analyse des prix d\u2019un panier de biens.\u00a0 CNSA\/COLMEX\/CEPAL\/Group CFM<\/span><\/p>\n<p><span style=\"color: #000000;\"><strong><em><u>Juillet-septembre 2008<\/u><\/em><\/strong>. Programme de Gestion du Risque et des d\u00e9sastres (PGR\/UE). \u00c9tablissement de la ligne de base et du syst\u00e8me de suivi-\u00e9valuation.\u00a0 DPC\/PGR\/UE-BON<\/span><\/p>\n<p><span style=\"color: #000000;\"><strong><u>Juin-sept 2008,<\/u><\/strong> CDC et MSPP \u00ab\u00a0Appr\u00e9ciation de l\u2019ad\u00e9quation du niveau de r\u00e9mun\u00e9ration et les services effectivement fournis du personnel r\u00e9tribu\u00e9 par le PN-PEPFAR<\/span><\/p>\n<p><span style=\"color: #000000;\"><strong><u>Mai-juin 2008. Bureau de la Primature, <\/u><\/strong>pr\u00e9paration de dossiers d\u2019am\u00e9nagement et de gestion de parcs et forets (Macaya, la Selle, Cote des Acardins)<\/span><\/p>\n<p><span style=\"color: #000000;\"><strong><em><u>D\u00e9c. 07-janv. 08<\/u><\/em><\/strong>, MSPP-BID, Assistance Technique au Projet de r\u00e9alignement de la r\u00e9forme du secteur de sant\u00e9\u00a0: bilan de l\u2019offre de services en sante au niveau des 10 d\u00e9partements et organisation du Forum National pour la r\u00e9forme du secteur.<\/span><\/p>\n<p><span style=\"color: #000000;\"><strong><em><u>Dec 07-f\u00e9vrier 08<\/u><\/em><\/strong>, Assistance Technique au Projet de r\u00e9alignement de la r\u00e9forme du secteur de sant\u00e9\u00a0: Bilan de la d\u00e9centralisation dans le syst\u00e8me de sant\u00e9 ha\u00eftien, PADESS, ACDI.<\/span><\/p>\n<p><span style=\"color: #000000;\"><strong>Nov. 2007-f\u00e9vrier 2008,<\/strong> Mise en place et renforcement du Conseil d\u2019Administration de l\u2019H\u00f4pital Immacul\u00e9e Conception (HIC)\/Port-de-Paix, DSNO<\/span><\/p>\n<p><span style=\"color: #000000;\"><strong>Nov 2007, OPS\/OMS,<\/strong> Manuel de Normes de Prise en Charge Clinique et Th\u00e9rapeutique des Adultes et Adolescents Vivant avec le VIH<\/span><\/p>\n<p><span style=\"color: #000000;\"><strong>Sept <\/strong><strong>2007,<\/strong> <strong>Direction Sanitaire du Nord-ouest (DSNO),<\/strong> \u00c9valuation de l\u2019H\u00f4pital Immacul\u00e9e Conception (HIC), Port-de-Paix,<\/span><\/p>\n<p><span style=\"color: #000000;\"><strong>Aout 2007, OPS\/OMS<\/strong>, Pr\u00e9paration des dossiers Soins Obst\u00e9tricaux Gratuits (SOG), DSNi, DSSE, DSNE<\/span><\/p>\n<p><span style=\"color: #000000;\"><strong>Janvier\u00a0 2007, FON\u2019EDE\/ADESA<\/strong>\u00a0 (Ex-MEDA), Diagnostic et strat\u00e9gie de relance des activit\u00e9s agro-industrielles de\u00a0 l\u2019APA.,\u00a0 d\u00e9partements Grand\u2019Anse, Sud, Ouest<\/span><\/p>\n<p><span style=\"color: #000000;\"><strong><em><u>2006-2007<\/u><\/em><\/strong>, Projet de renforcement de la couverture vaccinale dans les communes \u00e0 base couverture Nippes, Sud-est, Grand-Anse. UNICEF<\/span><\/p>\n<p><span style=\"color: #000000;\"><strong><em>Mai-juin\/2007.<\/em><\/strong> <strong>PNCS, BM, MENJFP<\/strong>, <u>\u00c9valuation Projet PCF<\/u>\u00a0: Domaines\u00a0: Cantines scolaires, achats locaux, \u00e9ducation, sant\u00e9 et nutrition. Cite Soleil, Bel-Air et d\u00e9partement du Centre<\/span><\/p>\n<p><span style=\"color: #000000;\"><strong><em><u>F\u00e9vrier-Mars 2007, <\/u><\/em><\/strong><strong>MENFP\/PNCS\/Banque Mondiale<\/strong>, Evaluation du projet LICUS de petits d\u00e9jeuners rapides, Plateau central, Nord, Nord\u2019Est, Ouest.<\/span><\/p>\n<p><span style=\"color: #000000;\"><strong><em><u>D\u00e9cembre 2006-janvier 2007,<\/u><\/em><\/strong> \u00a0PNCS\/Minist\u00e8re de l\u2019Education Nationale et de la Formation professionnelle (MENFP)\/Banque Mondiale. IDA\u00a0 DON LICUS TF 053366 (LICUS R\u00e9f. No. 10). Evaluation finale du \u00ab\u00a0projet de\u00a0 Renforcement Institutionnel du PNCS et d\u2019extension des services de cantines scolaires\u00a0\u00bb<\/span><\/p>\n","protected":false},"excerpt":{"rendered":"<p>2021-2024, Champs Ecoles Paysans. Sud. PITAG\/BID. En partenariat 2020-2024, Petite M\u00e9ncanisation Agricole, PITAG\/BID, en partenariat 2017-2021. Strengthening Resilience of the vulnerable rural communities in the Northwest Department to Achieve Food and Nutrition Security. BMZ\/WHH. Janvier-F\u00e9vrier 2016. Evaluation Mi-parcours du projet de d\u00e9veloppement de la fili\u00e8re c\u00e9r\u00e9ali\u00e8re dans la Vall\u00e9e des Cayes. MARNDR. Coop\u00e9ration Taiwanaise. Juillet-septembre 2015. Evaluation du PRODEPUR. Projet&#8230;<\/p>\n","protected":false},"author":1,"featured_media":645,"parent":0,"menu_order":0,"comment_status":"closed","ping_status":"closed","template":"","meta":{"_eb_attr":"","footnotes":""},"_links":{"self":[{"href":"https:\/\/cfmdeveloppement.org\/index.php\/wp-json\/wp\/v2\/pages\/561"}],"collection":[{"href":"https:\/\/cfmdeveloppement.org\/index.php\/wp-json\/wp\/v2\/pages"}],"about":[{"href":"https:\/\/cfmdeveloppement.org\/index.php\/wp-json\/wp\/v2\/types\/page"}],"author":[{"embeddable":true,"href":"https:\/\/cfmdeveloppement.org\/index.php\/wp-json\/wp\/v2\/users\/1"}],"replies":[{"embeddable":true,"href":"https:\/\/cfmdeveloppement.org\/index.php\/wp-json\/wp\/v2\/comments?post=561"}],"version-history":[{"count":3,"href":"https:\/\/cfmdeveloppement.org\/index.php\/wp-json\/wp\/v2\/pages\/561\/revisions"}],"predecessor-version":[{"id":646,"href":"https:\/\/cfmdeveloppement.org\/index.php\/wp-json\/wp\/v2\/pages\/561\/revisions\/646"}],"wp:featuredmedia":[{"embeddable":true,"href":"https:\/\/cfmdeveloppement.org\/index.php\/wp-json\/wp\/v2\/media\/645"}],"wp:attachment":[{"href":"https:\/\/cfmdeveloppement.org\/index.php\/wp-json\/wp\/v2\/media?parent=561"}],"curies":[{"name":"wp","href":"https:\/\/api.w.org\/{rel}","templated":true}]}}